{"id":714,"date":"2025-03-03T18:46:46","date_gmt":"2025-03-03T18:46:46","guid":{"rendered":"https:\/\/prueba.pradifir.com\/?page_id=714"},"modified":"2025-03-03T18:46:48","modified_gmt":"2025-03-03T18:46:48","slug":"politica-de-gestion","status":"publish","type":"page","link":"https:\/\/www.pradifir.com\/?page_id=714","title":{"rendered":"Pol\u00edtica de Gesti\u00f3n"},"content":{"rendered":"<p>[et_pb_section fb_built=\u00bb1&#8243; _builder_version=\u00bb4.27.4&#8243; _module_preset=\u00bbdefault\u00bb background_color=\u00bb#f3f2ed\u00bb custom_padding=\u00bb16vw||10vw||false|false\u00bb global_colors_info=\u00bb{}\u00bb theme_builder_area=\u00bbpost_content\u00bb][et_pb_row _builder_version=\u00bb4.27.4&#8243; _module_preset=\u00bbdefault\u00bb max_width=\u00bb800px\u00bb global_colors_info=\u00bb{}\u00bb theme_builder_area=\u00bbpost_content\u00bb][et_pb_column type=\u00bb4_4&#8243; _builder_version=\u00bb4.23.4&#8243; _module_preset=\u00bbdefault\u00bb global_colors_info=\u00bb{}\u00bb theme_builder_area=\u00bbpost_content\u00bb][et_pb_text admin_label=\u00bbPol\u00edtica de Gesti\u00f3n\u00bb _builder_version=\u00bb4.27.4&#8243; _module_preset=\u00bbdefault\u00bb header_font=\u00bb|700|||||||\u00bb header_letter_spacing=\u00bb-0.02em\u00bb hover_enabled=\u00bb0&#8243; global_colors_info=\u00bb{}\u00bb theme_builder_area=\u00bbpost_content\u00bb sticky_enabled=\u00bb0&#8243;]<\/p>\n<h1>Pol\u00edtica de Gesti\u00f3n<\/h1>\n<p>[\/et_pb_text][et_pb_text _builder_version=\u00bb4.27.4&#8243; _module_preset=\u00bbdefault\u00bb header_2_font=\u00bb|600|||||||\u00bb header_2_letter_spacing=\u00bb-0.03em\u00bb custom_padding=\u00bb||20px||false|false\u00bb hover_enabled=\u00bb0&#8243; global_colors_info=\u00bb{}\u00bb theme_builder_area=\u00bbpost_content\u00bb sticky_enabled=\u00bb0&#8243;]La Direcci\u00f3n de PRADIFIR tiene como objetivo fortalecer el compromiso con la calidad, la seguridad y salud en el trabajo y un<br \/>\ndesarrollo sostenible, teniendo en cuenta estos principios en todas aquellas decisiones empresariales relativas a sus servicios y<br \/>\nl\u00edneas de negocio. Para conseguirlo, la organizaci\u00f3n implanta, mantiene y revisa un sistema de gesti\u00f3n que afecta al desarrollo de<br \/>\nsu actividad en el sector forestal y en concreto en:<\/p>\n<p>\u201cRepoblaciones, plantaciones, siembras, tratamientos selv\u00edcolas, restauraci\u00f3n de ecosistemas, cerramientos, apertura y<br \/>\nconservaci\u00f3n de caminos y\/o cortafuegos, obras de hidrolog\u00eda e infraestructura rural. Consultor\u00eda forestal y medioambiental:<br \/>\nredacci\u00f3n de proyectos de ordenaci\u00f3n forestal y otros proyectos agrarios, tramitaci\u00f3n de ayudas, inventarios forestales\u201d.<\/p>\n<p>La Pol\u00edtica de Gesti\u00f3n proporciona un marco de referencia para el establecimiento de los objetivos de calidad, ambientales y de<br \/>\nseguridad y salud en el trabajo, entendiendo como prioritarios:<\/p>\n<ul class=\"lista-elementos\">\n<li>Comprender las necesidades y expectativas actuales y futuras de nuestras partes interesadas, y en concreto<br \/>\nsatisfacer los requisitos de nuestros clientes y conseguir progresivamente ir por encima de sus expectativas.<\/li>\n<li>Formar de manera continua e integrada al personal humano que permita una inmediata adaptaci\u00f3n a las exigencias<br \/>\ndel mercado en condiciones de trabajo seguras y de respeto hacia el medio ambiente, como base para la prestaci\u00f3n<br \/>\nde un servicio eficaz y diferenciador, que alcance los m\u00e1s altos niveles de calidad, creando con el Cliente una<br \/>\nrelaci\u00f3n de confianza y fidelidad.<\/li>\n<li>Mantener como directriz principal de la empresa la consecuci\u00f3n progresiva de la mejora continua de la eficacia de<br \/>\nnuestro sistema de gesti\u00f3n y todas nuestras actividades.<\/li>\n<\/ul>\n<p>Esta Pol\u00edtica de Gesti\u00f3n es establecida por la Direcci\u00f3n de PRADIFIR., con el compromiso de:<\/p>\n<ul class=\"lista-elementos\">\n<li>Poner al servicio del cliente todos nuestros conocimientos y experiencia para maximizar su desarrollo econ\u00f3mico y<br \/>\norganizativo con el objetivo de satisfacer las necesidades y expectativas de todas nuestras partes interesadas.<\/li>\n<li>Establecer los mecanismos necesarios para eliminar los peligros y reducir los riesgos dentro de nuestras actividades,<br \/>\nal igual que aquellos que surjan de cambios y modificaciones en las mismas, para prevenir los da\u00f1os y el deterioro<br \/>\nde la salud de nuestros trabajadores y terceras personas<\/li>\n<li>Prevenci\u00f3n de la contaminaci\u00f3n en el desarrollo de nuestra actividad y la utilizaci\u00f3n racional de los distintos<br \/>\nrecursos energ\u00e9ticos.<\/li>\n<li>Cumplir con los acuerdos suscritos, requisitos legales y reglamentarios y, en la medida de lo posible, adelantarse a<br \/>\nlas disposiciones legales de futura aparici\u00f3n.<\/li>\n<li>Disponer de procedimientos que permitan la consulta y la participaci\u00f3n de los trabajadores y de sus representantes<br \/>\nen los aspectos adecuados en materia de seguridad y salud, con especial \u00e9nfasis en su implicaci\u00f3n en el despliegue<br \/>\ny cumplimiento de las medidas adecuadas de seguridad e higiene en el desarrollo de los trabajos.<\/li>\n<li>Promover la mejora continua en la gesti\u00f3n, eficacia y desempe\u00f1o del Sistema de Gesti\u00f3n, estableciendo los medios<br \/>\nnecesarios para que la Pol\u00edtica de Gesti\u00f3n sea conocida, comprendida e implantada en los niveles apropiados de la<br \/>\norganizaci\u00f3n.<\/li>\n<\/ul>\n<p>La Direcci\u00f3n de PRADIFIR manifiesta su compromiso con la definici\u00f3n y difusi\u00f3n de esta Pol\u00edtica de Gesti\u00f3n Integrada, y se<br \/>\nasegura de que es entendida, implantada y mantenida al d\u00eda en todos los niveles de la Organizaci\u00f3n y en las dem\u00e1s partes<br \/>\ninteresadas<\/p>\n<p>[\/et_pb_text][\/et_pb_column][\/et_pb_row][\/et_pb_section]<\/p>\n","protected":false},"excerpt":{"rendered":"<p>Pol\u00edtica de Gesti\u00f3nLa Direcci\u00f3n de PRADIFIR tiene como objetivo fortalecer el compromiso con la calidad, la seguridad y salud en el trabajo y un desarrollo sostenible, teniendo en cuenta estos principios en todas aquellas decisiones empresariales relativas a sus servicios y l\u00edneas de negocio. Para conseguirlo, la organizaci\u00f3n implanta, mantiene y revisa un sistema de [&hellip;]<\/p>\n","protected":false},"author":3,"featured_media":0,"parent":0,"menu_order":0,"comment_status":"closed","ping_status":"closed","template":"","meta":{"_et_pb_use_builder":"on","_et_pb_old_content":"","_et_gb_content_width":"","footnotes":""},"class_list":["post-714","page","type-page","status-publish","hentry"],"yoast_head":"<!-- This site is optimized with the Yoast SEO plugin v25.1 - https:\/\/yoast.com\/wordpress\/plugins\/seo\/ -->\n<title>Pol\u00edtica de Gesti\u00f3n | Pradifir<\/title>\n<meta name=\"robots\" content=\"index, follow, max-snippet:-1, max-image-preview:large, max-video-preview:-1\" \/>\n<link rel=\"canonical\" href=\"https:\/\/www.pradifir.com\/?page_id=714\" \/>\n<meta property=\"og:locale\" content=\"es_ES\" \/>\n<meta property=\"og:type\" content=\"article\" \/>\n<meta property=\"og:title\" content=\"Pol\u00edtica de Gesti\u00f3n | Pradifir\" \/>\n<meta property=\"og:description\" content=\"Pol\u00edtica de Gesti\u00f3nLa Direcci\u00f3n de PRADIFIR tiene como objetivo fortalecer el compromiso con la calidad, la seguridad y salud en el trabajo y un desarrollo sostenible, teniendo en cuenta estos principios en todas aquellas decisiones empresariales relativas a sus servicios y l\u00edneas de negocio. Para conseguirlo, la organizaci\u00f3n implanta, mantiene y revisa un sistema de [&hellip;]\" \/>\n<meta property=\"og:url\" content=\"https:\/\/www.pradifir.com\/?page_id=714\" \/>\n<meta property=\"og:site_name\" content=\"Pradifir\" \/>\n<meta property=\"article:modified_time\" content=\"2025-03-03T18:46:48+00:00\" \/>\n<meta name=\"twitter:card\" content=\"summary_large_image\" \/>\n<meta name=\"twitter:label1\" content=\"Tiempo de lectura\" \/>\n\t<meta name=\"twitter:data1\" content=\"3 minutos\" \/>\n<script type=\"application\/ld+json\" class=\"yoast-schema-graph\">{\"@context\":\"https:\/\/schema.org\",\"@graph\":[{\"@type\":\"WebPage\",\"@id\":\"https:\/\/www.pradifir.com\/?page_id=714\",\"url\":\"https:\/\/www.pradifir.com\/?page_id=714\",\"name\":\"Pol\u00edtica de Gesti\u00f3n | Pradifir\",\"isPartOf\":{\"@id\":\"https:\/\/www.pradifir.com\/#website\"},\"datePublished\":\"2025-03-03T18:46:46+00:00\",\"dateModified\":\"2025-03-03T18:46:48+00:00\",\"breadcrumb\":{\"@id\":\"https:\/\/www.pradifir.com\/?page_id=714#breadcrumb\"},\"inLanguage\":\"es\",\"potentialAction\":[{\"@type\":\"ReadAction\",\"target\":[\"https:\/\/www.pradifir.com\/?page_id=714\"]}]},{\"@type\":\"BreadcrumbList\",\"@id\":\"https:\/\/www.pradifir.com\/?page_id=714#breadcrumb\",\"itemListElement\":[{\"@type\":\"ListItem\",\"position\":1,\"name\":\"Portada\",\"item\":\"https:\/\/www.pradifir.com\/\"},{\"@type\":\"ListItem\",\"position\":2,\"name\":\"Pol\u00edtica de Gesti\u00f3n\"}]},{\"@type\":\"WebSite\",\"@id\":\"https:\/\/www.pradifir.com\/#website\",\"url\":\"https:\/\/www.pradifir.com\/\",\"name\":\"Pradifir\",\"description\":\"Comercializamos todo tipo de cereales, abonos y semillas, y contamos con un gabinete de consultor\u00eda e ingenier\u00eda para el asesoramiento, gesti\u00f3n y direcci\u00f3n de fincas.\",\"alternateName\":\"Pradifir\",\"potentialAction\":[{\"@type\":\"SearchAction\",\"target\":{\"@type\":\"EntryPoint\",\"urlTemplate\":\"https:\/\/www.pradifir.com\/?s={search_term_string}\"},\"query-input\":{\"@type\":\"PropertyValueSpecification\",\"valueRequired\":true,\"valueName\":\"search_term_string\"}}],\"inLanguage\":\"es\"}]}<\/script>\n<!-- \/ Yoast SEO plugin. -->","yoast_head_json":{"title":"Pol\u00edtica de Gesti\u00f3n | Pradifir","robots":{"index":"index","follow":"follow","max-snippet":"max-snippet:-1","max-image-preview":"max-image-preview:large","max-video-preview":"max-video-preview:-1"},"canonical":"https:\/\/www.pradifir.com\/?page_id=714","og_locale":"es_ES","og_type":"article","og_title":"Pol\u00edtica de Gesti\u00f3n | Pradifir","og_description":"Pol\u00edtica de Gesti\u00f3nLa Direcci\u00f3n de PRADIFIR tiene como objetivo fortalecer el compromiso con la calidad, la seguridad y salud en el trabajo y un desarrollo sostenible, teniendo en cuenta estos principios en todas aquellas decisiones empresariales relativas a sus servicios y l\u00edneas de negocio. Para conseguirlo, la organizaci\u00f3n implanta, mantiene y revisa un sistema de [&hellip;]","og_url":"https:\/\/www.pradifir.com\/?page_id=714","og_site_name":"Pradifir","article_modified_time":"2025-03-03T18:46:48+00:00","twitter_card":"summary_large_image","twitter_misc":{"Tiempo de lectura":"3 minutos"},"schema":{"@context":"https:\/\/schema.org","@graph":[{"@type":"WebPage","@id":"https:\/\/www.pradifir.com\/?page_id=714","url":"https:\/\/www.pradifir.com\/?page_id=714","name":"Pol\u00edtica de Gesti\u00f3n | Pradifir","isPartOf":{"@id":"https:\/\/www.pradifir.com\/#website"},"datePublished":"2025-03-03T18:46:46+00:00","dateModified":"2025-03-03T18:46:48+00:00","breadcrumb":{"@id":"https:\/\/www.pradifir.com\/?page_id=714#breadcrumb"},"inLanguage":"es","potentialAction":[{"@type":"ReadAction","target":["https:\/\/www.pradifir.com\/?page_id=714"]}]},{"@type":"BreadcrumbList","@id":"https:\/\/www.pradifir.com\/?page_id=714#breadcrumb","itemListElement":[{"@type":"ListItem","position":1,"name":"Portada","item":"https:\/\/www.pradifir.com\/"},{"@type":"ListItem","position":2,"name":"Pol\u00edtica de Gesti\u00f3n"}]},{"@type":"WebSite","@id":"https:\/\/www.pradifir.com\/#website","url":"https:\/\/www.pradifir.com\/","name":"Pradifir","description":"Comercializamos todo tipo de cereales, abonos y semillas, y contamos con un gabinete de consultor\u00eda e ingenier\u00eda para el asesoramiento, gesti\u00f3n y direcci\u00f3n de fincas.","alternateName":"Pradifir","potentialAction":[{"@type":"SearchAction","target":{"@type":"EntryPoint","urlTemplate":"https:\/\/www.pradifir.com\/?s={search_term_string}"},"query-input":{"@type":"PropertyValueSpecification","valueRequired":true,"valueName":"search_term_string"}}],"inLanguage":"es"}]}},"_links":{"self":[{"href":"https:\/\/www.pradifir.com\/index.php?rest_route=\/wp\/v2\/pages\/714","targetHints":{"allow":["GET"]}}],"collection":[{"href":"https:\/\/www.pradifir.com\/index.php?rest_route=\/wp\/v2\/pages"}],"about":[{"href":"https:\/\/www.pradifir.com\/index.php?rest_route=\/wp\/v2\/types\/page"}],"author":[{"embeddable":true,"href":"https:\/\/www.pradifir.com\/index.php?rest_route=\/wp\/v2\/users\/3"}],"replies":[{"embeddable":true,"href":"https:\/\/www.pradifir.com\/index.php?rest_route=%2Fwp%2Fv2%2Fcomments&post=714"}],"version-history":[{"count":2,"href":"https:\/\/www.pradifir.com\/index.php?rest_route=\/wp\/v2\/pages\/714\/revisions"}],"predecessor-version":[{"id":717,"href":"https:\/\/www.pradifir.com\/index.php?rest_route=\/wp\/v2\/pages\/714\/revisions\/717"}],"wp:attachment":[{"href":"https:\/\/www.pradifir.com\/index.php?rest_route=%2Fwp%2Fv2%2Fmedia&parent=714"}],"curies":[{"name":"wp","href":"https:\/\/api.w.org\/{rel}","templated":true}]}}