{"id":633,"date":"2025-02-13T09:46:52","date_gmt":"2025-02-13T09:46:52","guid":{"rendered":"https:\/\/prueba.pradifir.com\/?page_id=633"},"modified":"2026-03-11T11:29:03","modified_gmt":"2026-03-11T11:29:03","slug":"obra-publica","status":"publish","type":"page","link":"https:\/\/www.pradifir.com\/?page_id=633","title":{"rendered":"Obra P\u00fablica"},"content":{"rendered":"<p>[et_pb_section fb_built=\u00bb1&#8243; admin_label=\u00bbPotada\u00bb _builder_version=\u00bb4.27.4&#8243; _module_preset=\u00bbdefault\u00bb use_background_color_gradient=\u00bbon\u00bb background_color_gradient_stops=\u00bbrgba(0,0,0,0.1) 0%|rgba(0,0,0,0.6) 100%\u00bb background_color_gradient_overlays_image=\u00bbon\u00bb background_image=\u00bbhttps:\/\/www.pradifir.com\/wp-content\/uploads\/2025\/04\/IMG_20211005_084524.jpg\u00bb background_enable_video_mp4=\u00bboff\u00bb min_height_tablet=\u00bb\u00bb min_height_phone=\u00bb100vh\u00bb min_height_last_edited=\u00bbon|phone\u00bb height=\u00bb100vh\u00bb custom_padding=\u00bb30vh||30vh||true|false\u00bb animation_style=\u00bbfade\u00bb global_colors_info=\u00bb{}\u00bb][et_pb_row _builder_version=\u00bb4.21.0&#8243; _module_preset=\u00bbdefault\u00bb positioning=\u00bbabsolute\u00bb position_origin_a=\u00bbbottom_center\u00bb vertical_offset=\u00bb100px\u00bb global_colors_info=\u00bb{}\u00bb][et_pb_column type=\u00bb4_4&#8243; _builder_version=\u00bb4.21.0&#8243; _module_preset=\u00bbdefault\u00bb global_colors_info=\u00bb{}\u00bb][et_pb_text admin_label=\u00bbObra P\u00fablica\u00bb _builder_version=\u00bb4.27.2&#8243; _module_preset=\u00bbdefault\u00bb header_font=\u00bb|600|||||||\u00bb header_text_color=\u00bb#FFFFFF\u00bb header_font_size=\u00bb74px\u00bb header_letter_spacing=\u00bb-2px\u00bb max_width=\u00bb100%\u00bb animation_style=\u00bbslide\u00bb animation_direction=\u00bbbottom\u00bb animation_delay=\u00bb1400ms\u00bb animation_intensity_slide=\u00bb5%\u00bb header_font_size_tablet=\u00bb54px\u00bb header_font_size_phone=\u00bb36px\u00bb header_font_size_last_edited=\u00bbon|phone\u00bb module_alignment_tablet=\u00bb\u00bb module_alignment_phone=\u00bb\u00bb module_alignment_last_edited=\u00bbon|phone\u00bb header_text_shadow_style=\u00bbpreset5&#8243; header_text_shadow_horizontal_length=\u00bb0.04em\u00bb header_text_shadow_vertical_length=\u00bb0.04em\u00bb global_colors_info=\u00bb{}\u00bb]<\/p>\n<h1>Obra P\u00fablica<\/h1>\n<p>[\/et_pb_text][\/et_pb_column][\/et_pb_row][\/et_pb_section][et_pb_section fb_built=\u00bb1&#8243; _builder_version=\u00bb4.27.2&#8243; _module_preset=\u00bbdefault\u00bb background_color=\u00bb#F3F2ED\u00bb custom_padding=\u00bb12vh||12vh||true|false\u00bb global_colors_info=\u00bb{}\u00bb][et_pb_row column_structure=\u00bb1_2,1_2&#8243; make_equal=\u00bbon\u00bb admin_label=\u00bbObra Ejecutada 01&#8243; _builder_version=\u00bb4.27.2&#8243; _module_preset=\u00bbdefault\u00bb background_color=\u00bb#FFFFFF\u00bb custom_padding=\u00bb6%|4%|2%|4%|false|true\u00bb global_colors_info=\u00bb{}\u00bb][et_pb_column type=\u00bb1_2&#8243; _builder_version=\u00bb4.27.2&#8243; _module_preset=\u00bbdefault\u00bb global_colors_info=\u00bb{}\u00bb][et_pb_slider dot_nav_custom_color=\u00bb#F9861B\u00bb admin_label=\u00bbDeslizador de Im\u00e1genes\u00bb _builder_version=\u00bb4.27.4&#8243; _module_preset=\u00bbdefault\u00bb body_text_color=\u00bb#aaaaaa\u00bb body_font_size=\u00bb13px\u00bb body_line_height=\u00bb1.4em\u00bb auto=\u00bbon\u00bb auto_speed=\u00bb5000&#8243; custom_css_slide_image=\u00bbmargin-bottom:-40px!important;\u00bb global_colors_info=\u00bb{}\u00bb body_text_color__hover_enabled=\u00bbon|desktop\u00bb body_text_color__hover=\u00bb#aaaaaa\u00bb][et_pb_slide image=\u00bbhttps:\/\/www.pradifir.com\/wp-content\/uploads\/2025\/01\/obra_publica_01.png\u00bb admin_title=\u00bbDescripci\u00f3n 01&#8243; _builder_version=\u00bb4.27.4&#8243; _module_preset=\u00bbdefault\u00bb body_text_color=\u00bb#000000&#8243; background_enable_color=\u00bboff\u00bb global_colors_info=\u00bb{}\u00bb sticky_transition=\u00bbon\u00bb][\/et_pb_slide][\/et_pb_slider][\/et_pb_column][et_pb_column type=\u00bb1_2&#8243; _builder_version=\u00bb4.27.2&#8243; _module_preset=\u00bbdefault\u00bb custom_css_main_element=\u00bbmargin:auto;\u00bb global_colors_info=\u00bb{}\u00bb][et_pb_text admin_label=\u00bbNombre Obra 01&#8243; _builder_version=\u00bb4.27.4&#8243; _module_preset=\u00bbdefault\u00bb header_2_font=\u00bb||||||||\u00bb header_2_font_size=\u00bb28px\u00bb header_2_letter_spacing=\u00bb-2px\u00bb header_2_line_height=\u00bb1.1em\u00bb header_3_font=\u00bbITC Avant Garde Std Demi|||on|||||\u00bb header_3_text_color=\u00bb#fe8512&#8243; header_3_font_size=\u00bb18px\u00bb custom_margin=\u00bb||10px||false|false\u00bb custom_margin_tablet=\u00bb||10px||false|false\u00bb custom_margin_phone=\u00bb||0px||false|false\u00bb custom_margin_last_edited=\u00bbon|phone\u00bb animation_style=\u00bbfade\u00bb animation_delay=\u00bb200ms\u00bb header_2_font_size_tablet=\u00bb28px\u00bb header_2_font_size_phone=\u00bb22px\u00bb header_2_font_size_last_edited=\u00bbon|desktop\u00bb global_colors_info=\u00bb{}\u00bb]<\/p>\n<h2>Poda, desbroce y limpieza de la Zona Franca de Sevilla.<\/h2>\n<p>[\/et_pb_text][et_pb_text admin_label=\u00bbTexto\u00bb _builder_version=\u00bb4.27.4&#8243; _module_preset=\u00bbdefault\u00bb text_text_color=\u00bb#474747&#8243; global_colors_info=\u00bb{}\u00bb]<\/p>\n<p>Cliente: Consorcio de la Zona Franca de Sevilla.<\/p>\n<p>A\u00f1o: 2023-2025<\/p>\n<p>Descripci\u00f3n: Trabajos de limpieza y saneamiento de la vegetaci\u00f3n en la Zona Franca de Sevilla.<\/p>\n<p>[\/et_pb_text][\/et_pb_column][\/et_pb_row][et_pb_row column_structure=\u00bb1_2,1_2&#8243; make_equal=\u00bbon\u00bb admin_label=\u00bbObra Ejecutada 02&#8243; _builder_version=\u00bb4.27.2&#8243; _module_preset=\u00bbdefault\u00bb background_color=\u00bb#FFFFFF\u00bb custom_padding=\u00bb6%|4%|2%|4%|false|true\u00bb global_colors_info=\u00bb{}\u00bb][et_pb_column type=\u00bb1_2&#8243; _builder_version=\u00bb4.27.2&#8243; _module_preset=\u00bbdefault\u00bb global_colors_info=\u00bb{}\u00bb][et_pb_slider dot_nav_custom_color=\u00bb#F9861B\u00bb admin_label=\u00bbDeslizador de Im\u00e1genes\u00bb _builder_version=\u00bb4.27.4&#8243; _module_preset=\u00bbdefault\u00bb body_text_color=\u00bb#aaaaaa\u00bb body_font_size=\u00bb13px\u00bb body_line_height=\u00bb1.4em\u00bb auto=\u00bbon\u00bb auto_speed=\u00bb5000&#8243; custom_css_slide_image=\u00bbmargin-bottom:-40px!important;\u00bb global_colors_info=\u00bb{}\u00bb body_text_color__hover_enabled=\u00bbon|desktop\u00bb body_text_color__hover=\u00bb#aaaaaa\u00bb][et_pb_slide image=\u00bbhttps:\/\/www.pradifir.com\/wp-content\/uploads\/2025\/01\/obra_publica_02.png\u00bb admin_title=\u00bbDescripci\u00f3n 01&#8243; _builder_version=\u00bb4.27.4&#8243; _module_preset=\u00bbdefault\u00bb body_text_color=\u00bb#000000&#8243; background_enable_color=\u00bboff\u00bb global_colors_info=\u00bb{}\u00bb sticky_transition=\u00bbon\u00bb][\/et_pb_slide][et_pb_slide image=\u00bbhttps:\/\/www.pradifir.com\/wp-content\/uploads\/2025\/04\/TimePhoto_20241024_112216.jpg\u00bb admin_title=\u00bbDescripci\u00f3n 02&#8243; _builder_version=\u00bb4.27.4&#8243; _module_preset=\u00bbdefault\u00bb body_text_color=\u00bb#000000&#8243; background_enable_color=\u00bboff\u00bb global_colors_info=\u00bb{}\u00bb sticky_transition=\u00bbon\u00bb][\/et_pb_slide][\/et_pb_slider][\/et_pb_column][et_pb_column type=\u00bb1_2&#8243; _builder_version=\u00bb4.27.2&#8243; _module_preset=\u00bbdefault\u00bb custom_css_main_element=\u00bbmargin:auto;\u00bb global_colors_info=\u00bb{}\u00bb][et_pb_text admin_label=\u00bbNombre Obra 02&#8243; _builder_version=\u00bb4.27.4&#8243; _module_preset=\u00bbdefault\u00bb header_2_font=\u00bb||||||||\u00bb header_2_font_size=\u00bb28px\u00bb header_2_letter_spacing=\u00bb-2px\u00bb header_2_line_height=\u00bb1.1em\u00bb header_3_font=\u00bbITC Avant Garde Std Demi|||on|||||\u00bb header_3_text_color=\u00bb#fe8512&#8243; header_3_font_size=\u00bb18px\u00bb custom_margin=\u00bb||10px||false|false\u00bb custom_margin_tablet=\u00bb||10px||false|false\u00bb custom_margin_phone=\u00bb||0px||false|false\u00bb custom_margin_last_edited=\u00bbon|phone\u00bb animation_style=\u00bbfade\u00bb animation_delay=\u00bb200ms\u00bb header_2_font_size_tablet=\u00bb28px\u00bb header_2_font_size_phone=\u00bb22px\u00bb header_2_font_size_last_edited=\u00bbon|desktop\u00bb global_colors_info=\u00bb{}\u00bb]<\/p>\n<h2>Tratamientos selv\u00edcolas preventivos contra incendios forestales en el monte El Jerre. Bloque G. T.M. Coripe (Sevilla)<\/h2>\n<p>[\/et_pb_text][et_pb_text _builder_version=\u00bb4.27.4&#8243; _module_preset=\u00bbdefault\u00bb text_text_color=\u00bb#474747&#8243; global_colors_info=\u00bb{}\u00bb]<\/p>\n<p>Cliente: Consejer\u00eda de Sostenibilidad y Medio Ambiente de la Junta de Andaluc\u00eda.<\/p>\n<p>A\u00f1o:2024-2025<\/p>\n<p>Definici\u00f3n: Adecuaci\u00f3n de majanos para la proliferaci\u00f3n del conejo, construcci\u00f3n de una nave ganadera, creaci\u00f3n de un punto de agua para la fauna y trabajos silv\u00edcolas de distinta \u00edndole en el monte El Jerre, del T\u00e9rmino Municipal de Coripe. A\u00f1o 2024.<\/p>\n<p>[\/et_pb_text][\/et_pb_column][\/et_pb_row][et_pb_row column_structure=\u00bb1_2,1_2&#8243; make_equal=\u00bbon\u00bb admin_label=\u00bbObra Ejecutada 03&#8243; _builder_version=\u00bb4.27.2&#8243; _module_preset=\u00bbdefault\u00bb background_color=\u00bb#FFFFFF\u00bb custom_padding=\u00bb6%|4%|2%|4%|false|true\u00bb global_colors_info=\u00bb{}\u00bb][et_pb_column type=\u00bb1_2&#8243; _builder_version=\u00bb4.27.2&#8243; _module_preset=\u00bbdefault\u00bb global_colors_info=\u00bb{}\u00bb][et_pb_slider dot_nav_custom_color=\u00bb#F9861B\u00bb admin_label=\u00bbDeslizador de Im\u00e1genes\u00bb _builder_version=\u00bb4.27.4&#8243; _module_preset=\u00bbdefault\u00bb body_text_color=\u00bb#aaaaaa\u00bb body_font_size=\u00bb13px\u00bb body_line_height=\u00bb1.4em\u00bb auto=\u00bbon\u00bb auto_speed=\u00bb5000&#8243; custom_css_slide_image=\u00bbmargin-bottom:-40px!important;\u00bb global_colors_info=\u00bb{}\u00bb body_text_color__hover_enabled=\u00bbon|desktop\u00bb body_text_color__hover=\u00bb#aaaaaa\u00bb][et_pb_slide image=\u00bbhttps:\/\/www.pradifir.com\/wp-content\/uploads\/2025\/04\/WhatsApp-Image-2025-04-09-at-10.32.20.png\u00bb admin_title=\u00bbDescripci\u00f3n 01&#8243; _builder_version=\u00bb4.27.4&#8243; _module_preset=\u00bbdefault\u00bb body_text_color=\u00bb#000000&#8243; background_enable_color=\u00bboff\u00bb global_colors_info=\u00bb{}\u00bb sticky_transition=\u00bbon\u00bb][\/et_pb_slide][et_pb_slide image=\u00bbhttps:\/\/www.pradifir.com\/wp-content\/uploads\/2025\/04\/WhatsApp-Image-2025-04-09-at-10.32.12.png\u00bb admin_title=\u00bbDescripci\u00f3n 02&#8243; _builder_version=\u00bb4.27.4&#8243; _module_preset=\u00bbdefault\u00bb body_text_color=\u00bb#000000&#8243; background_enable_color=\u00bboff\u00bb global_colors_info=\u00bb{}\u00bb sticky_transition=\u00bbon\u00bb][\/et_pb_slide][et_pb_slide image=\u00bbhttps:\/\/www.pradifir.com\/wp-content\/uploads\/2025\/04\/WhatsApp-Image-2025-04-09-at-10.32.17.png\u00bb admin_title=\u00bbDescripci\u00f3n 03&#8243; _builder_version=\u00bb4.27.4&#8243; _module_preset=\u00bbdefault\u00bb body_text_color=\u00bb#000000&#8243; background_enable_color=\u00bboff\u00bb global_colors_info=\u00bb{}\u00bb sticky_transition=\u00bbon\u00bb][\/et_pb_slide][\/et_pb_slider][\/et_pb_column][et_pb_column type=\u00bb1_2&#8243; _builder_version=\u00bb4.27.2&#8243; _module_preset=\u00bbdefault\u00bb custom_css_main_element=\u00bbmargin:auto;\u00bb global_colors_info=\u00bb{}\u00bb][et_pb_text admin_label=\u00bbNombre Obra 03&#8243; _builder_version=\u00bb4.27.4&#8243; _module_preset=\u00bbdefault\u00bb header_2_font=\u00bb||||||||\u00bb header_2_font_size=\u00bb28px\u00bb header_2_letter_spacing=\u00bb-2px\u00bb header_2_line_height=\u00bb1.1em\u00bb header_3_font=\u00bbITC Avant Garde Std Demi|||on|||||\u00bb header_3_text_color=\u00bb#fe8512&#8243; header_3_font_size=\u00bb18px\u00bb custom_margin=\u00bb||10px||false|false\u00bb custom_margin_tablet=\u00bb||10px||false|false\u00bb custom_margin_phone=\u00bb||0px||false|false\u00bb custom_margin_last_edited=\u00bbon|phone\u00bb animation_style=\u00bbfade\u00bb animation_delay=\u00bb200ms\u00bb header_2_font_size_tablet=\u00bb28px\u00bb header_2_font_size_phone=\u00bb22px\u00bb header_2_font_size_last_edited=\u00bbon|desktop\u00bb global_colors_info=\u00bb{}\u00bb]<\/p>\n<h2>Tratamientos silv\u00edcolas preventivos en montes p\u00fablicos de Villaviciosa de C\u00f3rdoba. Bloque F.<\/h2>\n<p>[\/et_pb_text][et_pb_text _builder_version=\u00bb4.27.4&#8243; _module_preset=\u00bbdefault\u00bb text_text_color=\u00bb#474747&#8243; global_colors_info=\u00bb{}\u00bb]<\/p>\n<p>Cliente: Consejer\u00eda de Sostenibilidad y Medio Ambiente de la Junta de Andaluc\u00eda.<\/p>\n<p>A\u00f1o: 2024-2025<\/p>\n<p>Descripci\u00f3n: Tratamientos preventivos de claras de pinar, desbroces y eliminaci\u00f3n de restos en fajas auxiliares.<\/p>\n<p>[\/et_pb_text][\/et_pb_column][\/et_pb_row][\/et_pb_section]<\/p>\n","protected":false},"excerpt":{"rendered":"<p>Obra P\u00fablicaPoda, desbroce y limpieza de la Zona Franca de Sevilla.Cliente: Consorcio de la Zona Franca de Sevilla. A\u00f1o: 2023-2025 Descripci\u00f3n: Trabajos de limpieza y saneamiento de la vegetaci\u00f3n en la Zona Franca de Sevilla.Tratamientos selv\u00edcolas preventivos contra incendios forestales en el monte El Jerre. Bloque G. T.M. Coripe (Sevilla)Cliente: Consejer\u00eda de Sostenibilidad y Medio [&hellip;]<\/p>\n","protected":false},"author":3,"featured_media":0,"parent":0,"menu_order":0,"comment_status":"closed","ping_status":"closed","template":"","meta":{"_et_pb_use_builder":"on","_et_pb_old_content":"","_et_gb_content_width":"","footnotes":""},"class_list":["post-633","page","type-page","status-publish","hentry"],"yoast_head":"<!-- This site is optimized with the Yoast SEO plugin v25.1 - https:\/\/yoast.com\/wordpress\/plugins\/seo\/ -->\n<title>Obra P\u00fablica | Pradifir<\/title>\n<meta name=\"robots\" content=\"index, follow, max-snippet:-1, max-image-preview:large, max-video-preview:-1\" \/>\n<link rel=\"canonical\" href=\"https:\/\/www.pradifir.com\/?page_id=633\" \/>\n<meta property=\"og:locale\" content=\"es_ES\" \/>\n<meta property=\"og:type\" content=\"article\" \/>\n<meta property=\"og:title\" content=\"Obra P\u00fablica | Pradifir\" \/>\n<meta property=\"og:description\" content=\"Obra P\u00fablicaPoda, desbroce y limpieza de la Zona Franca de Sevilla.Cliente: Consorcio de la Zona Franca de Sevilla. A\u00f1o: 2023-2025 Descripci\u00f3n: Trabajos de limpieza y saneamiento de la vegetaci\u00f3n en la Zona Franca de Sevilla.Tratamientos selv\u00edcolas preventivos contra incendios forestales en el monte El Jerre. Bloque G. T.M. Coripe (Sevilla)Cliente: Consejer\u00eda de Sostenibilidad y Medio [&hellip;]\" \/>\n<meta property=\"og:url\" content=\"https:\/\/www.pradifir.com\/?page_id=633\" \/>\n<meta property=\"og:site_name\" content=\"Pradifir\" \/>\n<meta property=\"article:modified_time\" content=\"2026-03-11T11:29:03+00:00\" \/>\n<meta name=\"twitter:card\" content=\"summary_large_image\" \/>\n<meta name=\"twitter:label1\" content=\"Tiempo de lectura\" \/>\n\t<meta name=\"twitter:data1\" content=\"2 minutos\" \/>\n<script type=\"application\/ld+json\" class=\"yoast-schema-graph\">{\"@context\":\"https:\/\/schema.org\",\"@graph\":[{\"@type\":\"WebPage\",\"@id\":\"https:\/\/www.pradifir.com\/?page_id=633\",\"url\":\"https:\/\/www.pradifir.com\/?page_id=633\",\"name\":\"Obra P\u00fablica | Pradifir\",\"isPartOf\":{\"@id\":\"https:\/\/www.pradifir.com\/#website\"},\"datePublished\":\"2025-02-13T09:46:52+00:00\",\"dateModified\":\"2026-03-11T11:29:03+00:00\",\"breadcrumb\":{\"@id\":\"https:\/\/www.pradifir.com\/?page_id=633#breadcrumb\"},\"inLanguage\":\"es\",\"potentialAction\":[{\"@type\":\"ReadAction\",\"target\":[\"https:\/\/www.pradifir.com\/?page_id=633\"]}]},{\"@type\":\"BreadcrumbList\",\"@id\":\"https:\/\/www.pradifir.com\/?page_id=633#breadcrumb\",\"itemListElement\":[{\"@type\":\"ListItem\",\"position\":1,\"name\":\"Portada\",\"item\":\"https:\/\/www.pradifir.com\/\"},{\"@type\":\"ListItem\",\"position\":2,\"name\":\"Obra P\u00fablica\"}]},{\"@type\":\"WebSite\",\"@id\":\"https:\/\/www.pradifir.com\/#website\",\"url\":\"https:\/\/www.pradifir.com\/\",\"name\":\"Pradifir\",\"description\":\"Comercializamos todo tipo de cereales, abonos y semillas, y contamos con un gabinete de consultor\u00eda e ingenier\u00eda para el asesoramiento, gesti\u00f3n y direcci\u00f3n de fincas.\",\"alternateName\":\"Pradifir\",\"potentialAction\":[{\"@type\":\"SearchAction\",\"target\":{\"@type\":\"EntryPoint\",\"urlTemplate\":\"https:\/\/www.pradifir.com\/?s={search_term_string}\"},\"query-input\":{\"@type\":\"PropertyValueSpecification\",\"valueRequired\":true,\"valueName\":\"search_term_string\"}}],\"inLanguage\":\"es\"}]}<\/script>\n<!-- \/ Yoast SEO plugin. -->","yoast_head_json":{"title":"Obra P\u00fablica | Pradifir","robots":{"index":"index","follow":"follow","max-snippet":"max-snippet:-1","max-image-preview":"max-image-preview:large","max-video-preview":"max-video-preview:-1"},"canonical":"https:\/\/www.pradifir.com\/?page_id=633","og_locale":"es_ES","og_type":"article","og_title":"Obra P\u00fablica | Pradifir","og_description":"Obra P\u00fablicaPoda, desbroce y limpieza de la Zona Franca de Sevilla.Cliente: Consorcio de la Zona Franca de Sevilla. A\u00f1o: 2023-2025 Descripci\u00f3n: Trabajos de limpieza y saneamiento de la vegetaci\u00f3n en la Zona Franca de Sevilla.Tratamientos selv\u00edcolas preventivos contra incendios forestales en el monte El Jerre. Bloque G. T.M. Coripe (Sevilla)Cliente: Consejer\u00eda de Sostenibilidad y Medio [&hellip;]","og_url":"https:\/\/www.pradifir.com\/?page_id=633","og_site_name":"Pradifir","article_modified_time":"2026-03-11T11:29:03+00:00","twitter_card":"summary_large_image","twitter_misc":{"Tiempo de lectura":"2 minutos"},"schema":{"@context":"https:\/\/schema.org","@graph":[{"@type":"WebPage","@id":"https:\/\/www.pradifir.com\/?page_id=633","url":"https:\/\/www.pradifir.com\/?page_id=633","name":"Obra P\u00fablica | Pradifir","isPartOf":{"@id":"https:\/\/www.pradifir.com\/#website"},"datePublished":"2025-02-13T09:46:52+00:00","dateModified":"2026-03-11T11:29:03+00:00","breadcrumb":{"@id":"https:\/\/www.pradifir.com\/?page_id=633#breadcrumb"},"inLanguage":"es","potentialAction":[{"@type":"ReadAction","target":["https:\/\/www.pradifir.com\/?page_id=633"]}]},{"@type":"BreadcrumbList","@id":"https:\/\/www.pradifir.com\/?page_id=633#breadcrumb","itemListElement":[{"@type":"ListItem","position":1,"name":"Portada","item":"https:\/\/www.pradifir.com\/"},{"@type":"ListItem","position":2,"name":"Obra P\u00fablica"}]},{"@type":"WebSite","@id":"https:\/\/www.pradifir.com\/#website","url":"https:\/\/www.pradifir.com\/","name":"Pradifir","description":"Comercializamos todo tipo de cereales, abonos y semillas, y contamos con un gabinete de consultor\u00eda e ingenier\u00eda para el asesoramiento, gesti\u00f3n y direcci\u00f3n de fincas.","alternateName":"Pradifir","potentialAction":[{"@type":"SearchAction","target":{"@type":"EntryPoint","urlTemplate":"https:\/\/www.pradifir.com\/?s={search_term_string}"},"query-input":{"@type":"PropertyValueSpecification","valueRequired":true,"valueName":"search_term_string"}}],"inLanguage":"es"}]}},"_links":{"self":[{"href":"https:\/\/www.pradifir.com\/index.php?rest_route=\/wp\/v2\/pages\/633","targetHints":{"allow":["GET"]}}],"collection":[{"href":"https:\/\/www.pradifir.com\/index.php?rest_route=\/wp\/v2\/pages"}],"about":[{"href":"https:\/\/www.pradifir.com\/index.php?rest_route=\/wp\/v2\/types\/page"}],"author":[{"embeddable":true,"href":"https:\/\/www.pradifir.com\/index.php?rest_route=\/wp\/v2\/users\/3"}],"replies":[{"embeddable":true,"href":"https:\/\/www.pradifir.com\/index.php?rest_route=%2Fwp%2Fv2%2Fcomments&post=633"}],"version-history":[{"count":21,"href":"https:\/\/www.pradifir.com\/index.php?rest_route=\/wp\/v2\/pages\/633\/revisions"}],"predecessor-version":[{"id":975,"href":"https:\/\/www.pradifir.com\/index.php?rest_route=\/wp\/v2\/pages\/633\/revisions\/975"}],"wp:attachment":[{"href":"https:\/\/www.pradifir.com\/index.php?rest_route=%2Fwp%2Fv2%2Fmedia&parent=633"}],"curies":[{"name":"wp","href":"https:\/\/api.w.org\/{rel}","templated":true}]}}