{"id":599,"date":"2025-01-21T17:51:51","date_gmt":"2025-01-21T17:51:51","guid":{"rendered":"https:\/\/prueba.pradifir.com\/?page_id=599"},"modified":"2026-03-11T11:14:30","modified_gmt":"2026-03-11T11:14:30","slug":"consultoria","status":"publish","type":"page","link":"https:\/\/www.pradifir.com\/?page_id=599","title":{"rendered":"Consultor\u00eda"},"content":{"rendered":"<p>[et_pb_section fb_built=\u00bb1&#8243; admin_label=\u00bbPotada\u00bb _builder_version=\u00bb4.27.4&#8243; _module_preset=\u00bbdefault\u00bb use_background_color_gradient=\u00bbon\u00bb background_color_gradient_stops=\u00bbrgba(0,0,0,0.1) 0%|rgba(0,0,0,0.6) 100%\u00bb background_color_gradient_overlays_image=\u00bbon\u00bb background_image=\u00bbhttps:\/\/www.pradifir.com\/wp-content\/uploads\/2025\/01\/vista-aerea-forestal-pradifir1920x1280.jpg\u00bb background_enable_video_mp4=\u00bboff\u00bb min_height_tablet=\u00bb\u00bb min_height_phone=\u00bb100vh\u00bb min_height_last_edited=\u00bbon|phone\u00bb height=\u00bb100vh\u00bb custom_padding=\u00bb30vh||30vh||true|false\u00bb animation_style=\u00bbfade\u00bb global_colors_info=\u00bb{}\u00bb][et_pb_row _builder_version=\u00bb4.21.0&#8243; _module_preset=\u00bbdefault\u00bb positioning=\u00bbabsolute\u00bb position_origin_a=\u00bbbottom_center\u00bb vertical_offset=\u00bb100px\u00bb global_colors_info=\u00bb{}\u00bb][et_pb_column type=\u00bb4_4&#8243; _builder_version=\u00bb4.21.0&#8243; _module_preset=\u00bbdefault\u00bb global_colors_info=\u00bb{}\u00bb][et_pb_text admin_label=\u00bbConsultor\u00eda\u00bb _builder_version=\u00bb4.27.2&#8243; _module_preset=\u00bbdefault\u00bb header_font=\u00bb|600|||||||\u00bb header_text_color=\u00bb#FFFFFF\u00bb header_font_size=\u00bb74px\u00bb header_letter_spacing=\u00bb-2px\u00bb max_width=\u00bb100%\u00bb animation_style=\u00bbslide\u00bb animation_direction=\u00bbbottom\u00bb animation_delay=\u00bb1400ms\u00bb animation_intensity_slide=\u00bb5%\u00bb header_font_size_tablet=\u00bb54px\u00bb header_font_size_phone=\u00bb36px\u00bb header_font_size_last_edited=\u00bbon|phone\u00bb module_alignment_tablet=\u00bb\u00bb module_alignment_phone=\u00bb\u00bb module_alignment_last_edited=\u00bbon|phone\u00bb header_text_shadow_style=\u00bbpreset5&#8243; header_text_shadow_horizontal_length=\u00bb0.04em\u00bb header_text_shadow_vertical_length=\u00bb0.04em\u00bb global_colors_info=\u00bb{}\u00bb]<\/p>\n<h1>Consultor\u00eda<\/h1>\n<p>[\/et_pb_text][\/et_pb_column][\/et_pb_row][\/et_pb_section][et_pb_section fb_built=\u00bb1&#8243; _builder_version=\u00bb4.27.2&#8243; _module_preset=\u00bbdefault\u00bb background_color=\u00bb#F3F2ED\u00bb custom_padding=\u00bb12vh||12vh||true|false\u00bb global_colors_info=\u00bb{}\u00bb][et_pb_row column_structure=\u00bb1_2,1_2&#8243; make_equal=\u00bbon\u00bb _builder_version=\u00bb4.27.2&#8243; _module_preset=\u00bbdefault\u00bb background_color=\u00bb#FFFFFF\u00bb custom_padding=\u00bb6%|4%|2%|4%|false|true\u00bb global_colors_info=\u00bb{}\u00bb][et_pb_column type=\u00bb1_2&#8243; _builder_version=\u00bb4.27.2&#8243; _module_preset=\u00bbdefault\u00bb global_colors_info=\u00bb{}\u00bb][et_pb_slider dot_nav_custom_color=\u00bb#F9861B\u00bb _builder_version=\u00bb4.27.2&#8243; _module_preset=\u00bbdefault\u00bb body_text_color=\u00bb#aaaaaa\u00bb body_font_size=\u00bb15px\u00bb body_line_height=\u00bb1.4em\u00bb auto=\u00bbon\u00bb auto_speed=\u00bb5000&#8243; custom_css_slide_image=\u00bbmargin-bottom:-40px!important;\u00bb global_colors_info=\u00bb{}\u00bb][et_pb_slide image=\u00bbhttps:\/\/www.pradifir.com\/wp-content\/uploads\/2025\/01\/ordenacion_01.png\u00bb admin_title=\u00bbPlano ortofotogr\u00e1fico de la finca La Polana en el T\u00e9rmino Municipal de Almad\u00e9n de la Plata\u00bb _builder_version=\u00bb4.27.2&#8243; _module_preset=\u00bbdefault\u00bb body_text_color=\u00bb#000000&#8243; background_enable_color=\u00bboff\u00bb global_colors_info=\u00bb{}\u00bb sticky_transition=\u00bbon\u00bb]<\/p>\n<p>Plano ortofotogr\u00e1fico de la finca La Polana en el T\u00e9rmino Municipal de Almad\u00e9n de la Plata.<\/p>\n<p>[\/et_pb_slide][et_pb_slide image=\u00bbhttps:\/\/www.pradifir.com\/wp-content\/uploads\/2025\/01\/ordenacion_02.png\u00bb admin_title=\u00bbPlano ortofotogr\u00e1fico de la finca La Polana en el T\u00e9rmino Municipal de Almad\u00e9n de la Plata\u00bb _builder_version=\u00bb4.27.2&#8243; _module_preset=\u00bbdefault\u00bb body_text_color=\u00bb#000000&#8243; background_enable_color=\u00bboff\u00bb global_colors_info=\u00bb{}\u00bb sticky_transition=\u00bbon\u00bb]Plano topogr\u00e1fico de la finca La Polana en el T\u00e9rmino Municipal de Almad\u00e9n de la Plata[\/et_pb_slide][et_pb_slide image=\u00bbhttps:\/\/www.pradifir.com\/wp-content\/uploads\/2025\/01\/ordenacion_03.png\u00bb admin_title=\u00bbPlano de pendientes de la finca La Polana en el T\u00e9rmino Municipal de Almad\u00e9n de la Plata\u00bb _builder_version=\u00bb4.27.2&#8243; _module_preset=\u00bbdefault\u00bb body_text_color=\u00bb#000000&#8243; background_enable_color=\u00bboff\u00bb global_colors_info=\u00bb{}\u00bb sticky_transition=\u00bbon\u00bb]Plano de pendientes de la finca La Polana en el T\u00e9rmino Municipal de Almad\u00e9n de la Plata[\/et_pb_slide][\/et_pb_slider][\/et_pb_column][et_pb_column type=\u00bb1_2&#8243; _builder_version=\u00bb4.27.2&#8243; _module_preset=\u00bbdefault\u00bb custom_css_main_element=\u00bbmargin:auto;\u00bb global_colors_info=\u00bb{}\u00bb][et_pb_text admin_label=\u00bbRedacci\u00f3n de Planes T\u00e9cnicos de Ordenaci\u00f3n \u00bb _builder_version=\u00bb4.27.2&#8243; _module_preset=\u00bbdefault\u00bb header_2_font=\u00bb||||||||\u00bb header_2_font_size=\u00bb28px\u00bb header_2_letter_spacing=\u00bb-2px\u00bb header_2_line_height=\u00bb1.1em\u00bb header_3_font=\u00bbITC Avant Garde Std Demi|||on|||||\u00bb header_3_text_color=\u00bb#fe8512&#8243; header_3_font_size=\u00bb18px\u00bb custom_margin=\u00bb||10px||false|false\u00bb custom_margin_tablet=\u00bb||10px||false|false\u00bb custom_margin_phone=\u00bb||0px||false|false\u00bb custom_margin_last_edited=\u00bbon|phone\u00bb animation_style=\u00bbfade\u00bb animation_delay=\u00bb200ms\u00bb header_2_font_size_tablet=\u00bb28px\u00bb header_2_font_size_phone=\u00bb22px\u00bb header_2_font_size_last_edited=\u00bbon|desktop\u00bb global_colors_info=\u00bb{}\u00bb]<\/p>\n<h2>Redacci\u00f3n de Planes T\u00e9cnicos de Ordenaci\u00f3n<\/h2>\n<p>[\/et_pb_text][et_pb_text _builder_version=\u00bb4.27.4&#8243; _module_preset=\u00bbdefault\u00bb hover_enabled=\u00bb0&#8243; global_colors_info=\u00bb{}\u00bb text_text_color=\u00bb#474747&#8243; sticky_enabled=\u00bb0&#8243;]<\/p>\n<p>La ordenaci\u00f3n de montes supone uno de los puntos claves para la conservaci\u00f3n de nuestros montes y es por ello que desde PRADIFIR aseguramos estudios minuciosos del estado del monte que nos permiten elaborar proyectos que no solo solucionen problemas a corto plazo sino que adem\u00e1s contribuyan a una gesti\u00f3n sostenible en el futuro.<\/p>\n<p>[\/et_pb_text][\/et_pb_column][\/et_pb_row][et_pb_row column_structure=\u00bb1_2,1_2&#8243; make_equal=\u00bbon\u00bb _builder_version=\u00bb4.27.2&#8243; _module_preset=\u00bbdefault\u00bb background_color=\u00bb#FFFFFF\u00bb custom_padding=\u00bb2%|4%|6%|4%|false|true\u00bb global_colors_info=\u00bb{}\u00bb][et_pb_column type=\u00bb1_2&#8243; _builder_version=\u00bb4.27.2&#8243; _module_preset=\u00bbdefault\u00bb global_colors_info=\u00bb{}\u00bb][et_pb_slider dot_nav_custom_color=\u00bb#F9861B\u00bb _builder_version=\u00bb4.27.2&#8243; _module_preset=\u00bbdefault\u00bb body_text_color=\u00bb#aaaaaa\u00bb body_font_size=\u00bb13px\u00bb body_line_height=\u00bb1.4em\u00bb auto=\u00bbon\u00bb auto_speed=\u00bb5000&#8243; custom_css_slide_image=\u00bbmargin-bottom:-40px!important;\u00bb global_colors_info=\u00bb{}\u00bb][et_pb_slide image=\u00bbhttps:\/\/www.pradifir.com\/wp-content\/uploads\/2025\/01\/I_D_I_03.png\u00bb admin_title=\u00bbCambios entre 2017 y 2021&#8243; _builder_version=\u00bb4.27.2&#8243; _module_preset=\u00bbdefault\u00bb body_text_color=\u00bb#000000&#8243; background_enable_color=\u00bboff\u00bb global_colors_info=\u00bb{}\u00bb sticky_transition=\u00bbon\u00bb]Cambios entre 2017 y 2021[\/et_pb_slide][et_pb_slide image=\u00bbhttps:\/\/www.pradifir.com\/wp-content\/uploads\/2025\/01\/I_D_I_01.png\u00bb admin_title=\u00bbApuesta i+D+I\u00bb _builder_version=\u00bb4.27.2&#8243; _module_preset=\u00bbdefault\u00bb body_text_color=\u00bb#000000&#8243; background_enable_color=\u00bboff\u00bb global_colors_info=\u00bb{}\u00bb sticky_transition=\u00bbon\u00bb]Apuesta i+D+I[\/et_pb_slide][et_pb_slide image=\u00bbhttps:\/\/www.pradifir.com\/wp-content\/uploads\/2025\/01\/I_D_I_02.png\u00bb admin_title=\u00bbSistemas de detecci\u00f3n de cambios\u00bb _builder_version=\u00bb4.27.2&#8243; _module_preset=\u00bbdefault\u00bb body_text_color=\u00bb#000000&#8243; background_enable_color=\u00bboff\u00bb global_colors_info=\u00bb{}\u00bb sticky_transition=\u00bbon\u00bb]Sistemas de detecci\u00f3n de cambios[\/et_pb_slide][\/et_pb_slider][\/et_pb_column][et_pb_column type=\u00bb1_2&#8243; _builder_version=\u00bb4.27.2&#8243; _module_preset=\u00bbdefault\u00bb custom_css_main_element=\u00bbmargin:auto;\u00bb global_colors_info=\u00bb{}\u00bb][et_pb_text admin_label=\u00bbProyectos I+D+I  \u00bb _builder_version=\u00bb4.27.2&#8243; _module_preset=\u00bbdefault\u00bb header_2_font=\u00bb||||||||\u00bb header_2_font_size=\u00bb28px\u00bb header_2_letter_spacing=\u00bb-2px\u00bb header_2_line_height=\u00bb1.1em\u00bb header_3_font=\u00bbITC Avant Garde Std Demi|||on|||||\u00bb header_3_text_color=\u00bb#fe8512&#8243; header_3_font_size=\u00bb18px\u00bb custom_margin=\u00bb||10px||false|false\u00bb custom_margin_tablet=\u00bb||10px||false|false\u00bb custom_margin_phone=\u00bb||0px||false|false\u00bb custom_margin_last_edited=\u00bbon|phone\u00bb animation_style=\u00bbfade\u00bb animation_delay=\u00bb200ms\u00bb header_2_font_size_tablet=\u00bb28px\u00bb header_2_font_size_phone=\u00bb22px\u00bb header_2_font_size_last_edited=\u00bbon|desktop\u00bb global_colors_info=\u00bb{}\u00bb]<\/p>\n<h2>Proyectos I+D+I<\/h2>\n<p>[\/et_pb_text][et_pb_text _builder_version=\u00bb4.27.4&#8243; _module_preset=\u00bbdefault\u00bb hover_enabled=\u00bb0&#8243; global_colors_info=\u00bb{}\u00bb text_text_color=\u00bb#474747&#8243; sticky_enabled=\u00bb0&#8243;]<\/p>\n<p>En el proyecto GO Bosques 3.0 PRADIFIR colabora como beneficiario en el avance de las nuevas tecnolog\u00edas aplicadas al \u00e1mbito forestal y es por ello que formamos parte del grupo operativo proyecto GO Bosques 3.0 de PEFC Espa\u00f1a, el cual tiene como objetivo crear nuevas herramientas digitales que permitan una gesti\u00f3n sostenible a trav\u00e9s de la certificaci\u00f3n forestal. En este proyecto colaboramos con miembros como Agresta Sociedad Cooperativa o INCA Ingenier\u00eda del Medio S.L., adem\u00e1s de entidades p\u00fablicas como la Universidad de Oviedo o el Gobierno del Principado de Asturias.<\/p>\n<p>[\/et_pb_text][\/et_pb_column][\/et_pb_row][\/et_pb_section]<\/p>\n","protected":false},"excerpt":{"rendered":"<p>Consultor\u00edaPlano ortofotogr\u00e1fico de la finca La Polana en el T\u00e9rmino Municipal de Almad\u00e9n de la Plata.Plano topogr\u00e1fico de la finca La Polana en el T\u00e9rmino Municipal de Almad\u00e9n de la PlataPlano de pendientes de la finca La Polana en el T\u00e9rmino Municipal de Almad\u00e9n de la PlataRedacci\u00f3n de Planes T\u00e9cnicos de Ordenaci\u00f3nLa ordenaci\u00f3n de montes [&hellip;]<\/p>\n","protected":false},"author":3,"featured_media":0,"parent":0,"menu_order":0,"comment_status":"closed","ping_status":"closed","template":"","meta":{"_et_pb_use_builder":"on","_et_pb_old_content":"","_et_gb_content_width":"","footnotes":""},"class_list":["post-599","page","type-page","status-publish","hentry"],"yoast_head":"<!-- This site is optimized with the Yoast SEO plugin v25.1 - https:\/\/yoast.com\/wordpress\/plugins\/seo\/ -->\n<title>Consultor\u00eda | Pradifir<\/title>\n<meta name=\"robots\" content=\"index, follow, max-snippet:-1, max-image-preview:large, max-video-preview:-1\" \/>\n<link rel=\"canonical\" href=\"https:\/\/www.pradifir.com\/?page_id=599\" \/>\n<meta property=\"og:locale\" content=\"es_ES\" \/>\n<meta property=\"og:type\" content=\"article\" \/>\n<meta property=\"og:title\" content=\"Consultor\u00eda | Pradifir\" \/>\n<meta property=\"og:description\" content=\"Consultor\u00edaPlano ortofotogr\u00e1fico de la finca La Polana en el T\u00e9rmino Municipal de Almad\u00e9n de la Plata.Plano topogr\u00e1fico de la finca La Polana en el T\u00e9rmino Municipal de Almad\u00e9n de la PlataPlano de pendientes de la finca La Polana en el T\u00e9rmino Municipal de Almad\u00e9n de la PlataRedacci\u00f3n de Planes T\u00e9cnicos de Ordenaci\u00f3nLa ordenaci\u00f3n de montes [&hellip;]\" \/>\n<meta property=\"og:url\" content=\"https:\/\/www.pradifir.com\/?page_id=599\" \/>\n<meta property=\"og:site_name\" content=\"Pradifir\" \/>\n<meta property=\"article:modified_time\" content=\"2026-03-11T11:14:30+00:00\" \/>\n<meta name=\"twitter:card\" content=\"summary_large_image\" \/>\n<meta name=\"twitter:label1\" content=\"Tiempo de lectura\" \/>\n\t<meta name=\"twitter:data1\" content=\"3 minutos\" \/>\n<script type=\"application\/ld+json\" class=\"yoast-schema-graph\">{\"@context\":\"https:\/\/schema.org\",\"@graph\":[{\"@type\":\"WebPage\",\"@id\":\"https:\/\/www.pradifir.com\/?page_id=599\",\"url\":\"https:\/\/www.pradifir.com\/?page_id=599\",\"name\":\"Consultor\u00eda | Pradifir\",\"isPartOf\":{\"@id\":\"https:\/\/www.pradifir.com\/#website\"},\"datePublished\":\"2025-01-21T17:51:51+00:00\",\"dateModified\":\"2026-03-11T11:14:30+00:00\",\"breadcrumb\":{\"@id\":\"https:\/\/www.pradifir.com\/?page_id=599#breadcrumb\"},\"inLanguage\":\"es\",\"potentialAction\":[{\"@type\":\"ReadAction\",\"target\":[\"https:\/\/www.pradifir.com\/?page_id=599\"]}]},{\"@type\":\"BreadcrumbList\",\"@id\":\"https:\/\/www.pradifir.com\/?page_id=599#breadcrumb\",\"itemListElement\":[{\"@type\":\"ListItem\",\"position\":1,\"name\":\"Portada\",\"item\":\"https:\/\/www.pradifir.com\/\"},{\"@type\":\"ListItem\",\"position\":2,\"name\":\"Consultor\u00eda\"}]},{\"@type\":\"WebSite\",\"@id\":\"https:\/\/www.pradifir.com\/#website\",\"url\":\"https:\/\/www.pradifir.com\/\",\"name\":\"Pradifir\",\"description\":\"Comercializamos todo tipo de cereales, abonos y semillas, y contamos con un gabinete de consultor\u00eda e ingenier\u00eda para el asesoramiento, gesti\u00f3n y direcci\u00f3n de fincas.\",\"alternateName\":\"Pradifir\",\"potentialAction\":[{\"@type\":\"SearchAction\",\"target\":{\"@type\":\"EntryPoint\",\"urlTemplate\":\"https:\/\/www.pradifir.com\/?s={search_term_string}\"},\"query-input\":{\"@type\":\"PropertyValueSpecification\",\"valueRequired\":true,\"valueName\":\"search_term_string\"}}],\"inLanguage\":\"es\"}]}<\/script>\n<!-- \/ Yoast SEO plugin. -->","yoast_head_json":{"title":"Consultor\u00eda | Pradifir","robots":{"index":"index","follow":"follow","max-snippet":"max-snippet:-1","max-image-preview":"max-image-preview:large","max-video-preview":"max-video-preview:-1"},"canonical":"https:\/\/www.pradifir.com\/?page_id=599","og_locale":"es_ES","og_type":"article","og_title":"Consultor\u00eda | Pradifir","og_description":"Consultor\u00edaPlano ortofotogr\u00e1fico de la finca La Polana en el T\u00e9rmino Municipal de Almad\u00e9n de la Plata.Plano topogr\u00e1fico de la finca La Polana en el T\u00e9rmino Municipal de Almad\u00e9n de la PlataPlano de pendientes de la finca La Polana en el T\u00e9rmino Municipal de Almad\u00e9n de la PlataRedacci\u00f3n de Planes T\u00e9cnicos de Ordenaci\u00f3nLa ordenaci\u00f3n de montes [&hellip;]","og_url":"https:\/\/www.pradifir.com\/?page_id=599","og_site_name":"Pradifir","article_modified_time":"2026-03-11T11:14:30+00:00","twitter_card":"summary_large_image","twitter_misc":{"Tiempo de lectura":"3 minutos"},"schema":{"@context":"https:\/\/schema.org","@graph":[{"@type":"WebPage","@id":"https:\/\/www.pradifir.com\/?page_id=599","url":"https:\/\/www.pradifir.com\/?page_id=599","name":"Consultor\u00eda | Pradifir","isPartOf":{"@id":"https:\/\/www.pradifir.com\/#website"},"datePublished":"2025-01-21T17:51:51+00:00","dateModified":"2026-03-11T11:14:30+00:00","breadcrumb":{"@id":"https:\/\/www.pradifir.com\/?page_id=599#breadcrumb"},"inLanguage":"es","potentialAction":[{"@type":"ReadAction","target":["https:\/\/www.pradifir.com\/?page_id=599"]}]},{"@type":"BreadcrumbList","@id":"https:\/\/www.pradifir.com\/?page_id=599#breadcrumb","itemListElement":[{"@type":"ListItem","position":1,"name":"Portada","item":"https:\/\/www.pradifir.com\/"},{"@type":"ListItem","position":2,"name":"Consultor\u00eda"}]},{"@type":"WebSite","@id":"https:\/\/www.pradifir.com\/#website","url":"https:\/\/www.pradifir.com\/","name":"Pradifir","description":"Comercializamos todo tipo de cereales, abonos y semillas, y contamos con un gabinete de consultor\u00eda e ingenier\u00eda para el asesoramiento, gesti\u00f3n y direcci\u00f3n de fincas.","alternateName":"Pradifir","potentialAction":[{"@type":"SearchAction","target":{"@type":"EntryPoint","urlTemplate":"https:\/\/www.pradifir.com\/?s={search_term_string}"},"query-input":{"@type":"PropertyValueSpecification","valueRequired":true,"valueName":"search_term_string"}}],"inLanguage":"es"}]}},"_links":{"self":[{"href":"https:\/\/www.pradifir.com\/index.php?rest_route=\/wp\/v2\/pages\/599","targetHints":{"allow":["GET"]}}],"collection":[{"href":"https:\/\/www.pradifir.com\/index.php?rest_route=\/wp\/v2\/pages"}],"about":[{"href":"https:\/\/www.pradifir.com\/index.php?rest_route=\/wp\/v2\/types\/page"}],"author":[{"embeddable":true,"href":"https:\/\/www.pradifir.com\/index.php?rest_route=\/wp\/v2\/users\/3"}],"replies":[{"embeddable":true,"href":"https:\/\/www.pradifir.com\/index.php?rest_route=%2Fwp%2Fv2%2Fcomments&post=599"}],"version-history":[{"count":6,"href":"https:\/\/www.pradifir.com\/index.php?rest_route=\/wp\/v2\/pages\/599\/revisions"}],"predecessor-version":[{"id":970,"href":"https:\/\/www.pradifir.com\/index.php?rest_route=\/wp\/v2\/pages\/599\/revisions\/970"}],"wp:attachment":[{"href":"https:\/\/www.pradifir.com\/index.php?rest_route=%2Fwp%2Fv2%2Fmedia&parent=599"}],"curies":[{"name":"wp","href":"https:\/\/api.w.org\/{rel}","templated":true}]}}