{"id":113,"date":"2024-01-18T16:24:14","date_gmt":"2024-01-18T16:24:14","guid":{"rendered":"https:\/\/prueba.pradifir.com\/?page_id=113"},"modified":"2026-03-11T11:11:46","modified_gmt":"2026-03-11T11:11:46","slug":"compania","status":"publish","type":"page","link":"https:\/\/www.pradifir.com\/?page_id=113","title":{"rendered":"Compa\u00f1\u00eda"},"content":{"rendered":"<p>[et_pb_section fb_built=\u00bb1&#8243; admin_label=\u00bbPotada\u00bb _builder_version=\u00bb4.27.4&#8243; _module_preset=\u00bbdefault\u00bb use_background_color_gradient=\u00bbon\u00bb background_color_gradient_stops=\u00bbrgba(0,0,0,0.1) 0%|rgba(0,0,0,0.1) 100%\u00bb background_color_gradient_overlays_image=\u00bbon\u00bb background_image=\u00bbhttps:\/\/www.pradifir.com\/wp-content\/uploads\/2025\/02\/empresa-pradifir-almacen-vista-aerea1920x1280.jpg\u00bb background_enable_video_mp4=\u00bboff\u00bb min_height_tablet=\u00bb\u00bb min_height_phone=\u00bb100vh\u00bb min_height_last_edited=\u00bbon|phone\u00bb height=\u00bb100vh\u00bb custom_padding=\u00bb30vh||30vh||true|false\u00bb animation_style=\u00bbfade\u00bb global_colors_info=\u00bb{}\u00bb][et_pb_row _builder_version=\u00bb4.21.0&#8243; _module_preset=\u00bbdefault\u00bb positioning=\u00bbabsolute\u00bb position_origin_a=\u00bbbottom_center\u00bb vertical_offset=\u00bb100px\u00bb global_colors_info=\u00bb{}\u00bb][et_pb_column type=\u00bb4_4&#8243; _builder_version=\u00bb4.21.0&#8243; _module_preset=\u00bbdefault\u00bb global_colors_info=\u00bb{}\u00bb][et_pb_text admin_label=\u00bbLa Compa\u00f1\u00eda\u00bb _builder_version=\u00bb4.23.4&#8243; _module_preset=\u00bbdefault\u00bb header_font=\u00bb|600|||||||\u00bb header_text_color=\u00bb#FFFFFF\u00bb header_font_size=\u00bb74px\u00bb header_letter_spacing=\u00bb-2px\u00bb max_width=\u00bb100%\u00bb animation_style=\u00bbslide\u00bb animation_direction=\u00bbbottom\u00bb animation_delay=\u00bb1400ms\u00bb animation_intensity_slide=\u00bb5%\u00bb header_font_size_tablet=\u00bb54px\u00bb header_font_size_phone=\u00bb36px\u00bb header_font_size_last_edited=\u00bbon|phone\u00bb module_alignment_tablet=\u00bb\u00bb module_alignment_phone=\u00bb\u00bb module_alignment_last_edited=\u00bbon|phone\u00bb header_text_shadow_style=\u00bbpreset5&#8243; header_text_shadow_horizontal_length=\u00bb0.04em\u00bb header_text_shadow_vertical_length=\u00bb0.04em\u00bb global_colors_info=\u00bb{}\u00bb]<\/p>\n<h1>La Compa\u00f1\u00eda<\/h1>\n<p>[\/et_pb_text][\/et_pb_column][\/et_pb_row][\/et_pb_section][et_pb_section fb_built=\u00bb1&#8243; specialty=\u00bbon\u00bb _builder_version=\u00bb4.23.4&#8243; _module_preset=\u00bbdefault\u00bb background_color=\u00bb#f3f2ed\u00bb custom_padding=\u00bb||0px||false|false\u00bb global_colors_info=\u00bb{}\u00bb][et_pb_column type=\u00bb1_4&#8243; _builder_version=\u00bb4.16&#8243; custom_padding=\u00bb|||\u00bb global_colors_info=\u00bb{}\u00bb custom_padding__hover=\u00bb|||\u00bb][et_pb_text admin_label=\u00bbHistoria\u00bb _builder_version=\u00bb4.23.4&#8243; _module_preset=\u00bbdefault\u00bb header_2_font=\u00bb|600|||||||\u00bb header_2_text_color=\u00bb#F9861B\u00bb header_2_font_size=\u00bb20px\u00bb animation_style=\u00bbfade\u00bb animation_delay=\u00bb200ms\u00bb global_colors_info=\u00bb{}\u00bb]<\/p>\n<h2>Historia<\/h2>\n<p>[\/et_pb_text][\/et_pb_column][et_pb_column type=\u00bb3_4&#8243; specialty_columns=\u00bb3&#8243; _builder_version=\u00bb4.16&#8243; custom_padding=\u00bb|||\u00bb global_colors_info=\u00bb{}\u00bb custom_padding__hover=\u00bb|||\u00bb][et_pb_row_inner _builder_version=\u00bb4.23.4&#8243; _module_preset=\u00bbdefault\u00bb custom_padding=\u00bb||0px||false|false\u00bb global_colors_info=\u00bb{}\u00bb][et_pb_column_inner saved_specialty_column_type=\u00bb3_4&#8243; _builder_version=\u00bb4.23.4&#8243; _module_preset=\u00bbdefault\u00bb global_colors_info=\u00bb{}\u00bb][et_pb_text admin_label=\u00bbComercializaci\u00f3n de cereales y abonos a nivel nacional e internacional\u00bb _builder_version=\u00bb4.23.4&#8243; _module_preset=\u00bbdefault\u00bb header_2_font=\u00bb|600|||||||\u00bb header_2_font_size=\u00bb32px\u00bb header_2_letter_spacing=\u00bb-1px\u00bb header_2_line_height=\u00bb1.2em\u00bb animation_style=\u00bbfade\u00bb animation_delay=\u00bb300ms\u00bb global_colors_info=\u00bb{}\u00bb]<\/p>\n<h2>Comercializaci\u00f3n de cereales y abonos a nivel nacional e internacional<\/h2>\n<p>[\/et_pb_text][\/et_pb_column_inner][\/et_pb_row_inner][et_pb_row_inner column_structure=\u00bb1_2,1_2&#8243; _builder_version=\u00bb4.23.4&#8243; _module_preset=\u00bbdefault\u00bb global_colors_info=\u00bb{}\u00bb][et_pb_column_inner type=\u00bb1_2&#8243; saved_specialty_column_type=\u00bb3_4&#8243; _builder_version=\u00bb4.23.4&#8243; _module_preset=\u00bbdefault\u00bb global_colors_info=\u00bb{}\u00bb][et_pb_text _builder_version=\u00bb4.27.4&#8243; _module_preset=\u00bbdefault\u00bb text_orientation=\u00bbjustified\u00bb animation_style=\u00bbfade\u00bb animation_delay=\u00bb400ms\u00bb hover_enabled=\u00bb0&#8243; global_colors_info=\u00bb{}\u00bb text_text_color=\u00bb#474747&#8243; sticky_enabled=\u00bb0&#8243;]<\/p>\n<p>Fundada en 1989, Pradifir nace con la vocaci\u00f3n de dar servicio al sector agrario, apoyando la transmisi\u00f3n y comercializaci\u00f3n de los distintos productos agr\u00edcolas. Actividad que desarrolla en sus primeros a\u00f1os, generando prestigio y reconocimiento.<\/p>\n<p>[\/et_pb_text][\/et_pb_column_inner][et_pb_column_inner type=\u00bb1_2&#8243; saved_specialty_column_type=\u00bb3_4&#8243; _builder_version=\u00bb4.23.4&#8243; _module_preset=\u00bbdefault\u00bb global_colors_info=\u00bb{}\u00bb][et_pb_text _builder_version=\u00bb4.27.4&#8243; _module_preset=\u00bbdefault\u00bb text_orientation=\u00bbjustified\u00bb animation_style=\u00bbfade\u00bb animation_delay=\u00bb500ms\u00bb hover_enabled=\u00bb0&#8243; global_colors_info=\u00bb{}\u00bb text_text_color=\u00bb#474747&#8243; sticky_enabled=\u00bb0&#8243;]<\/p>\n<p>Con m\u00e1s de 35 a\u00f1os de experiencia y dirigida por una segunda generaci\u00f3n y un equipo altamente cualificado,actualmente su actividad principal es la comercializaci\u00f3n de cereales, abonos ,semillas y la gesti\u00f3n forestal, convirti\u00e9ndose en una de las principales empresas de referencia en el sector agrario<\/p>\n<p>[\/et_pb_text][\/et_pb_column_inner][\/et_pb_row_inner][\/et_pb_column][\/et_pb_section][et_pb_section fb_built=\u00bb1&#8243; _builder_version=\u00bb4.23.4&#8243; _module_preset=\u00bbdefault\u00bb background_color=\u00bb#f3f2ed\u00bb global_colors_info=\u00bb{}\u00bb][et_pb_row _builder_version=\u00bb4.23.4&#8243; _module_preset=\u00bbdefault\u00bb global_colors_info=\u00bb{}\u00bb][et_pb_column type=\u00bb4_4&#8243; _builder_version=\u00bb4.23.4&#8243; _module_preset=\u00bbdefault\u00bb global_colors_info=\u00bb{}\u00bb][et_pb_image src=\u00bbhttps:\/\/www.pradifir.com\/wp-content\/uploads\/2024\/01\/campo-girasoles-maiz-separados-camino-tierra-pradifir1920x900.jpg\u00bb alt=\u00bbcampo-girasoles-maiz-separados-camino-tierra-pradifir(1920&#215;900)\u00bb title_text=\u00bbcampo-girasoles-maiz-separados-camino-tierra-pradifir(1920&#215;900)\u00bb _builder_version=\u00bb4.23.4&#8243; _module_preset=\u00bbdefault\u00bb animation_style=\u00bbfade\u00bb animation_delay=\u00bb200ms\u00bb border_radii=\u00bbon|18px|18px|18px|18px\u00bb global_colors_info=\u00bb{}\u00bb][\/et_pb_image][\/et_pb_column][\/et_pb_row][\/et_pb_section][et_pb_section fb_built=\u00bb1&#8243; specialty=\u00bbon\u00bb _builder_version=\u00bb4.23.4&#8243; _module_preset=\u00bbdefault\u00bb background_color=\u00bb#f3f2ed\u00bb custom_padding=\u00bb||100px||false|false\u00bb global_colors_info=\u00bb{}\u00bb][et_pb_column type=\u00bb1_2&#8243; specialty_columns=\u00bb2&#8243; _builder_version=\u00bb4.16&#8243; custom_padding=\u00bb|||\u00bb global_colors_info=\u00bb{}\u00bb custom_padding__hover=\u00bb|||\u00bb][et_pb_row_inner _builder_version=\u00bb4.23.4&#8243; _module_preset=\u00bbdefault\u00bb custom_padding=\u00bb||0px||false|false\u00bb global_colors_info=\u00bb{}\u00bb][et_pb_column_inner saved_specialty_column_type=\u00bb1_2&#8243; _builder_version=\u00bb4.23.4&#8243; _module_preset=\u00bbdefault\u00bb global_colors_info=\u00bb{}\u00bb][et_pb_text admin_label=\u00bbMisi\u00f3n\u00bb _builder_version=\u00bb4.23.4&#8243; _module_preset=\u00bbdefault\u00bb header_2_font=\u00bb|600|||||||\u00bb header_2_text_color=\u00bb#F9861B\u00bb header_2_font_size=\u00bb20px\u00bb custom_margin=\u00bb||10px||false|false\u00bb animation_style=\u00bbfade\u00bb animation_delay=\u00bb200ms\u00bb global_colors_info=\u00bb{}\u00bb]<\/p>\n<h2>Misi\u00f3n<\/h2>\n<p>[\/et_pb_text][et_pb_text admin_label=\u00bbPradifir cuenta con dos l\u00edneas de negocio claramente diferenciadas:\u00bb _builder_version=\u00bb4.23.4&#8243; _module_preset=\u00bbdefault\u00bb header_2_font=\u00bb|600|||||||\u00bb header_2_font_size=\u00bb32px\u00bb header_2_letter_spacing=\u00bb-1px\u00bb header_2_line_height=\u00bb1.2em\u00bb animation_style=\u00bbfade\u00bb animation_delay=\u00bb300ms\u00bb global_colors_info=\u00bb{}\u00bb]<\/p>\n<h2>Pradifir cuenta con dos l\u00edneas de negocio claramente diferenciadas:<\/h2>\n<p>[\/et_pb_text][\/et_pb_column_inner][\/et_pb_row_inner][et_pb_row_inner column_structure=\u00bb1_2,1_2&#8243; _builder_version=\u00bb4.23.4&#8243; _module_preset=\u00bbdefault\u00bb global_colors_info=\u00bb{}\u00bb][et_pb_column_inner type=\u00bb1_2&#8243; saved_specialty_column_type=\u00bb1_2&#8243; _builder_version=\u00bb4.23.4&#8243; _module_preset=\u00bbdefault\u00bb animation_style=\u00bbfade\u00bb animation_delay=\u00bb400ms\u00bb global_colors_info=\u00bb{}\u00bb][et_pb_text admin_label=\u00bbComercializamos cereales y abono\u00bb _builder_version=\u00bb4.23.4&#8243; _module_preset=\u00bbdefault\u00bb header_3_font=\u00bb|600|||||||\u00bb header_3_letter_spacing=\u00bb-1px\u00bb header_3_line_height=\u00bb1.2em\u00bb custom_margin=\u00bb||5px||false|false\u00bb global_colors_info=\u00bb{}\u00bb]<\/p>\n<h3>Comercializamos cereales y abonos<\/h3>\n<p>[\/et_pb_text][et_pb_text _builder_version=\u00bb4.27.4&#8243; _module_preset=\u00bbdefault\u00bb header_3_font=\u00bb|600|||||||\u00bb header_3_line_height=\u00bb1.2em\u00bb text_orientation=\u00bbjustified\u00bb hover_enabled=\u00bb0&#8243; global_colors_info=\u00bb{}\u00bb text_text_color=\u00bb#474747&#8243; sticky_enabled=\u00bb0&#8243;]<\/p>\n<p>Comercializamos cereales y abonos tanto a nivel nacional como internacional, facilitando todo el servicio log\u00edstico y de almacenaje para ponerlo al servicio de nuestro cliente en las mejores condiciones que ofrece el mercado.<\/p>\n<p>[\/et_pb_text][\/et_pb_column_inner][et_pb_column_inner type=\u00bb1_2&#8243; saved_specialty_column_type=\u00bb1_2&#8243; _builder_version=\u00bb4.23.4&#8243; _module_preset=\u00bbdefault\u00bb animation_style=\u00bbfade\u00bb animation_delay=\u00bb500ms\u00bb global_colors_info=\u00bb{}\u00bb][et_pb_text admin_label=\u00bbConsultor\u00eda integral agr\u00edcola\u00bb _builder_version=\u00bb4.27.4&#8243; _module_preset=\u00bbdefault\u00bb header_3_font=\u00bb|600|||||||\u00bb header_3_letter_spacing=\u00bb-1px\u00bb header_3_line_height=\u00bb1.2em\u00bb custom_margin=\u00bb||5px||false|false\u00bb global_colors_info=\u00bb{}\u00bb]<\/p>\n<h3>Consultor\u00eda agraria integral<\/h3>\n<p>[\/et_pb_text][et_pb_text _builder_version=\u00bb4.27.4&#8243; _module_preset=\u00bbdefault\u00bb text_orientation=\u00bbjustified\u00bb hover_enabled=\u00bb0&#8243; global_colors_info=\u00bb{}\u00bb text_text_color=\u00bb#474747&#8243; sticky_enabled=\u00bb0&#8243;]<\/p>\n<p>Ofrecemos un servicio integral de consultor\u00eda agraria, gesti\u00f3n de ayudas, subvenciones y ejecuci\u00f3n llave en mano de trabajos en el medio natural para la conservaci\u00f3n y puesta en valor de fincas.<\/p>\n<p>[\/et_pb_text][\/et_pb_column_inner][\/et_pb_row_inner][\/et_pb_column][et_pb_column type=\u00bb1_2&#8243; _builder_version=\u00bb4.16&#8243; custom_padding=\u00bb|||\u00bb global_colors_info=\u00bb{}\u00bb custom_padding__hover=\u00bb|||\u00bb][et_pb_image src=\u00bbhttps:\/\/www.pradifir.com\/wp-content\/uploads\/2024\/01\/manos-granjero-sosteniendo-punado-granos-trigo-campo-trigo-pradifir1200x1200.jpg\u00bb alt=\u00bbmanos-granjero-sosteniendo-punado-granos-trigo-campo-trigo-pradifir(1200&#215;1200)\u00bb title_text=\u00bbmanos-granjero-sosteniendo-punado-granos-trigo-campo-trigo-pradifir(1200&#215;1200)\u00bb _builder_version=\u00bb4.23.4&#8243; _module_preset=\u00bbdefault\u00bb animation_style=\u00bbfade\u00bb animation_delay=\u00bb600ms\u00bb border_radii=\u00bbon|18px|18px|18px|18px\u00bb global_colors_info=\u00bb{}\u00bb][\/et_pb_image][\/et_pb_column][\/et_pb_section][et_pb_section fb_built=\u00bb1&#8243; _builder_version=\u00bb4.23.4&#8243; _module_preset=\u00bbdefault\u00bb background_color=\u00bb#296354&#8243; custom_padding=\u00bb100px||100px||true|false\u00bb global_colors_info=\u00bb{}\u00bb][et_pb_row column_structure=\u00bb1_4,3_4&#8243; _builder_version=\u00bb4.23.4&#8243; _module_preset=\u00bbdefault\u00bb global_colors_info=\u00bb{}\u00bb][et_pb_column type=\u00bb1_4&#8243; _builder_version=\u00bb4.23.4&#8243; _module_preset=\u00bbdefault\u00bb global_colors_info=\u00bb{}\u00bb][et_pb_text admin_label=\u00bbVisi\u00f3n\u00bb _builder_version=\u00bb4.23.4&#8243; _module_preset=\u00bbdefault\u00bb header_2_font=\u00bb|600|||||||\u00bb header_2_text_color=\u00bb#F9861B\u00bb header_2_font_size=\u00bb20px\u00bb background_layout=\u00bbdark\u00bb custom_margin=\u00bb||10px||false|false\u00bb animation_style=\u00bbfade\u00bb animation_delay=\u00bb200ms\u00bb global_colors_info=\u00bb{}\u00bb]<\/p>\n<h2>Visi\u00f3n<\/h2>\n<p>[\/et_pb_text][\/et_pb_column][et_pb_column type=\u00bb3_4&#8243; _builder_version=\u00bb4.23.4&#8243; _module_preset=\u00bbdefault\u00bb global_colors_info=\u00bb{}\u00bb][et_pb_text admin_label=\u00bbSeguir creciendo de forma sostenible  y ser una referencia tanto para el sector p\u00fablico como para el privado.\u00bb _builder_version=\u00bb4.23.4&#8243; _module_preset=\u00bbdefault\u00bb header_2_font=\u00bb|600|||||||\u00bb header_2_font_size=\u00bb32px\u00bb header_2_letter_spacing=\u00bb-1px\u00bb header_2_line_height=\u00bb1.2em\u00bb background_layout=\u00bbdark\u00bb animation_style=\u00bbfade\u00bb animation_delay=\u00bb300ms\u00bb global_colors_info=\u00bb{}\u00bb]<\/p>\n<h2>Seguir creciendo de forma sostenible  y ser una referencia tanto para el sector p\u00fablico como para el privado.<\/h2>\n<p>[\/et_pb_text][et_pb_text _builder_version=\u00bb4.27.4&#8243; _module_preset=\u00bbdefault\u00bb text_text_color=\u00bb#F3F2ED\u00bb text_orientation=\u00bbjustified\u00bb max_width=\u00bb76%\u00bb animation_style=\u00bbfade\u00bb animation_delay=\u00bb400ms\u00bb hover_enabled=\u00bb0&#8243; global_colors_info=\u00bb{}\u00bb sticky_enabled=\u00bb0&#8243;]<\/p>\n<p>Nuestro objetivo es seguir creciendo de forma sostenible en las pr\u00f3ximas d\u00e9cadas en movimiento y almacenaje de mercanc\u00eda. Para ello, ampliamos nuestras instalaciones en m\u00e1s de 5.000 m2, dot\u00e1ndola de nueva maquinaria e incorporando nuevos veh\u00edculos de carga pesada, para mejorar nuestra cadena de suministro.<\/p>\n<p>En cuanto a nuestra l\u00ednea forestal, el objetivo es seguir siendo una empresa sostenible en el tiempo y de referencia tanto para el sector p\u00fablico como para el privado.<\/p>\n<p>[\/et_pb_text][\/et_pb_column][\/et_pb_row][\/et_pb_section][et_pb_section fb_built=\u00bb1&#8243; _builder_version=\u00bb4.23.4&#8243; _module_preset=\u00bbdefault\u00bb background_color=\u00bb#f3f2ed\u00bb custom_padding=\u00bb100px||160px||false|false\u00bb global_colors_info=\u00bb{}\u00bb][et_pb_row column_structure=\u00bb2_3,1_3&#8243; make_equal=\u00bbon\u00bb _builder_version=\u00bb4.23.4&#8243; _module_preset=\u00bbdefault\u00bb global_colors_info=\u00bb{}\u00bb][et_pb_column type=\u00bb2_3&#8243; _builder_version=\u00bb4.23.4&#8243; _module_preset=\u00bbdefault\u00bb global_colors_info=\u00bb{}\u00bb][et_pb_image src=\u00bbhttps:\/\/www.pradifir.com\/wp-content\/uploads\/2024\/01\/mujer-campo-cereales-pradifir1920x1280.jpg\u00bb title_text=\u00bbmujer-campo-cereales-pradifir(1920&#215;1280)\u00bb _builder_version=\u00bb4.23.4&#8243; _module_preset=\u00bbdefault\u00bb animation_style=\u00bbfade\u00bb animation_delay=\u00bb200ms\u00bb border_radii=\u00bbon|18px|18px|18px|18px\u00bb global_colors_info=\u00bb{}\u00bb][\/et_pb_image][\/et_pb_column][et_pb_column type=\u00bb1_3&#8243; _builder_version=\u00bb4.23.4&#8243; _module_preset=\u00bbdefault\u00bb custom_css_main_element=\u00bbmargin:auto;\u00bb global_colors_info=\u00bb{}\u00bb][et_pb_text admin_label=\u00bbMisi\u00f3n\u00bb _builder_version=\u00bb4.23.4&#8243; _module_preset=\u00bbdefault\u00bb header_2_font=\u00bb|600|||||||\u00bb header_2_text_color=\u00bb#F9861B\u00bb header_2_font_size=\u00bb20px\u00bb custom_margin=\u00bb||10px||false|false\u00bb animation_style=\u00bbfade\u00bb animation_delay=\u00bb300ms\u00bb global_colors_info=\u00bb{}\u00bb]<\/p>\n<h2>Valores<\/h2>\n<p>[\/et_pb_text][et_pb_text admin_label=\u00bbPonemos pasi\u00f3n en lo que hacemos\u00bb _builder_version=\u00bb4.23.4&#8243; _module_preset=\u00bbdefault\u00bb header_2_font=\u00bb|600|||||||\u00bb header_2_font_size=\u00bb32px\u00bb header_2_letter_spacing=\u00bb-1px\u00bb header_2_line_height=\u00bb1.2em\u00bb animation_style=\u00bbfade\u00bb animation_delay=\u00bb400ms\u00bb global_colors_info=\u00bb{}\u00bb]<\/p>\n<h2>Ponemos pasi\u00f3n en lo que hacemos<\/h2>\n<p>[\/et_pb_text][et_pb_text _builder_version=\u00bb4.27.4&#8243; _module_preset=\u00bbdefault\u00bb text_orientation=\u00bbjustified\u00bb animation_style=\u00bbfade\u00bb animation_delay=\u00bb500ms\u00bb hover_enabled=\u00bb0&#8243; global_colors_info=\u00bb{}\u00bb text_text_color=\u00bb#474747&#8243; sticky_enabled=\u00bb0&#8243;]<\/p>\n<p>Pradifir es una empresa familiar que tiene una clara vocaci\u00f3n al cliente, siendo la flexibilidad, colaboraci\u00f3n, calidad, pasi\u00f3n, integridad y seguridad los valores que mejor nos definen y siempre desde la responsabilidad social y medioambiental.<\/p>\n<p>[\/et_pb_text][\/et_pb_column][\/et_pb_row][\/et_pb_section]<\/p>\n","protected":false},"excerpt":{"rendered":"<p>La Compa\u00f1\u00edaHistoriaComercializaci\u00f3n de cereales y abonos a nivel nacional e internacionalFundada en 1989, Pradifir nace con la vocaci\u00f3n de dar servicio al sector agrario, apoyando la transmisi\u00f3n y comercializaci\u00f3n de los distintos productos agr\u00edcolas. Actividad que desarrolla en sus primeros a\u00f1os, generando prestigio y reconocimiento.Con m\u00e1s de 35 a\u00f1os de experiencia y dirigida por una [&hellip;]<\/p>\n","protected":false},"author":3,"featured_media":0,"parent":0,"menu_order":0,"comment_status":"closed","ping_status":"closed","template":"","meta":{"_et_pb_use_builder":"on","_et_pb_old_content":"","_et_gb_content_width":"","footnotes":""},"class_list":["post-113","page","type-page","status-publish","hentry"],"yoast_head":"<!-- This site is optimized with the Yoast SEO plugin v25.1 - https:\/\/yoast.com\/wordpress\/plugins\/seo\/ -->\n<title>Compa\u00f1\u00eda | Pradifir<\/title>\n<meta name=\"description\" content=\"Comercializaci\u00f3n de de cereales, abonos y semillas. Con m\u00e1s de 30 a\u00f1os de experiencia somos referentes en el sector agr\u00edcola y forestal.\" \/>\n<meta name=\"robots\" content=\"index, follow, max-snippet:-1, max-image-preview:large, max-video-preview:-1\" \/>\n<link rel=\"canonical\" href=\"https:\/\/www.pradifir.com\/?page_id=113\" \/>\n<meta property=\"og:locale\" content=\"es_ES\" \/>\n<meta property=\"og:type\" content=\"article\" \/>\n<meta property=\"og:title\" content=\"Compa\u00f1\u00eda | Pradifir\" \/>\n<meta property=\"og:description\" content=\"Comercializaci\u00f3n de de cereales, abonos y semillas. Con m\u00e1s de 30 a\u00f1os de experiencia somos referentes en el sector agr\u00edcola y forestal.\" \/>\n<meta property=\"og:url\" content=\"https:\/\/www.pradifir.com\/?page_id=113\" \/>\n<meta property=\"og:site_name\" content=\"Pradifir\" \/>\n<meta property=\"article:modified_time\" content=\"2026-03-11T11:11:46+00:00\" \/>\n<meta name=\"twitter:card\" content=\"summary_large_image\" \/>\n<meta name=\"twitter:label1\" content=\"Tiempo de lectura\" \/>\n\t<meta name=\"twitter:data1\" content=\"3 minutos\" \/>\n<script type=\"application\/ld+json\" class=\"yoast-schema-graph\">{\"@context\":\"https:\/\/schema.org\",\"@graph\":[{\"@type\":\"WebPage\",\"@id\":\"https:\/\/www.pradifir.com\/?page_id=113\",\"url\":\"https:\/\/www.pradifir.com\/?page_id=113\",\"name\":\"Compa\u00f1\u00eda | Pradifir\",\"isPartOf\":{\"@id\":\"https:\/\/www.pradifir.com\/#website\"},\"datePublished\":\"2024-01-18T16:24:14+00:00\",\"dateModified\":\"2026-03-11T11:11:46+00:00\",\"description\":\"Comercializaci\u00f3n de de cereales, abonos y semillas. Con m\u00e1s de 30 a\u00f1os de experiencia somos referentes en el sector agr\u00edcola y forestal.\",\"breadcrumb\":{\"@id\":\"https:\/\/www.pradifir.com\/?page_id=113#breadcrumb\"},\"inLanguage\":\"es\",\"potentialAction\":[{\"@type\":\"ReadAction\",\"target\":[\"https:\/\/www.pradifir.com\/?page_id=113\"]}]},{\"@type\":\"BreadcrumbList\",\"@id\":\"https:\/\/www.pradifir.com\/?page_id=113#breadcrumb\",\"itemListElement\":[{\"@type\":\"ListItem\",\"position\":1,\"name\":\"Portada\",\"item\":\"https:\/\/www.pradifir.com\/\"},{\"@type\":\"ListItem\",\"position\":2,\"name\":\"Compa\u00f1\u00eda\"}]},{\"@type\":\"WebSite\",\"@id\":\"https:\/\/www.pradifir.com\/#website\",\"url\":\"https:\/\/www.pradifir.com\/\",\"name\":\"Pradifir\",\"description\":\"Comercializamos todo tipo de cereales, abonos y semillas, y contamos con un gabinete de consultor\u00eda e ingenier\u00eda para el asesoramiento, gesti\u00f3n y direcci\u00f3n de fincas.\",\"alternateName\":\"Pradifir\",\"potentialAction\":[{\"@type\":\"SearchAction\",\"target\":{\"@type\":\"EntryPoint\",\"urlTemplate\":\"https:\/\/www.pradifir.com\/?s={search_term_string}\"},\"query-input\":{\"@type\":\"PropertyValueSpecification\",\"valueRequired\":true,\"valueName\":\"search_term_string\"}}],\"inLanguage\":\"es\"}]}<\/script>\n<!-- \/ Yoast SEO plugin. -->","yoast_head_json":{"title":"Compa\u00f1\u00eda | Pradifir","description":"Comercializaci\u00f3n de de cereales, abonos y semillas. Con m\u00e1s de 30 a\u00f1os de experiencia somos referentes en el sector agr\u00edcola y forestal.","robots":{"index":"index","follow":"follow","max-snippet":"max-snippet:-1","max-image-preview":"max-image-preview:large","max-video-preview":"max-video-preview:-1"},"canonical":"https:\/\/www.pradifir.com\/?page_id=113","og_locale":"es_ES","og_type":"article","og_title":"Compa\u00f1\u00eda | Pradifir","og_description":"Comercializaci\u00f3n de de cereales, abonos y semillas. Con m\u00e1s de 30 a\u00f1os de experiencia somos referentes en el sector agr\u00edcola y forestal.","og_url":"https:\/\/www.pradifir.com\/?page_id=113","og_site_name":"Pradifir","article_modified_time":"2026-03-11T11:11:46+00:00","twitter_card":"summary_large_image","twitter_misc":{"Tiempo de lectura":"3 minutos"},"schema":{"@context":"https:\/\/schema.org","@graph":[{"@type":"WebPage","@id":"https:\/\/www.pradifir.com\/?page_id=113","url":"https:\/\/www.pradifir.com\/?page_id=113","name":"Compa\u00f1\u00eda | Pradifir","isPartOf":{"@id":"https:\/\/www.pradifir.com\/#website"},"datePublished":"2024-01-18T16:24:14+00:00","dateModified":"2026-03-11T11:11:46+00:00","description":"Comercializaci\u00f3n de de cereales, abonos y semillas. Con m\u00e1s de 30 a\u00f1os de experiencia somos referentes en el sector agr\u00edcola y forestal.","breadcrumb":{"@id":"https:\/\/www.pradifir.com\/?page_id=113#breadcrumb"},"inLanguage":"es","potentialAction":[{"@type":"ReadAction","target":["https:\/\/www.pradifir.com\/?page_id=113"]}]},{"@type":"BreadcrumbList","@id":"https:\/\/www.pradifir.com\/?page_id=113#breadcrumb","itemListElement":[{"@type":"ListItem","position":1,"name":"Portada","item":"https:\/\/www.pradifir.com\/"},{"@type":"ListItem","position":2,"name":"Compa\u00f1\u00eda"}]},{"@type":"WebSite","@id":"https:\/\/www.pradifir.com\/#website","url":"https:\/\/www.pradifir.com\/","name":"Pradifir","description":"Comercializamos todo tipo de cereales, abonos y semillas, y contamos con un gabinete de consultor\u00eda e ingenier\u00eda para el asesoramiento, gesti\u00f3n y direcci\u00f3n de fincas.","alternateName":"Pradifir","potentialAction":[{"@type":"SearchAction","target":{"@type":"EntryPoint","urlTemplate":"https:\/\/www.pradifir.com\/?s={search_term_string}"},"query-input":{"@type":"PropertyValueSpecification","valueRequired":true,"valueName":"search_term_string"}}],"inLanguage":"es"}]}},"_links":{"self":[{"href":"https:\/\/www.pradifir.com\/index.php?rest_route=\/wp\/v2\/pages\/113","targetHints":{"allow":["GET"]}}],"collection":[{"href":"https:\/\/www.pradifir.com\/index.php?rest_route=\/wp\/v2\/pages"}],"about":[{"href":"https:\/\/www.pradifir.com\/index.php?rest_route=\/wp\/v2\/types\/page"}],"author":[{"embeddable":true,"href":"https:\/\/www.pradifir.com\/index.php?rest_route=\/wp\/v2\/users\/3"}],"replies":[{"embeddable":true,"href":"https:\/\/www.pradifir.com\/index.php?rest_route=%2Fwp%2Fv2%2Fcomments&post=113"}],"version-history":[{"count":22,"href":"https:\/\/www.pradifir.com\/index.php?rest_route=\/wp\/v2\/pages\/113\/revisions"}],"predecessor-version":[{"id":968,"href":"https:\/\/www.pradifir.com\/index.php?rest_route=\/wp\/v2\/pages\/113\/revisions\/968"}],"wp:attachment":[{"href":"https:\/\/www.pradifir.com\/index.php?rest_route=%2Fwp%2Fv2%2Fmedia&parent=113"}],"curies":[{"name":"wp","href":"https:\/\/api.w.org\/{rel}","templated":true}]}}